{"id":16,"date":"2016-11-21T18:55:55","date_gmt":"2016-11-21T18:55:55","guid":{"rendered":"https:\/\/michel-irs.com\/?page_id=16"},"modified":"2025-07-30T16:58:56","modified_gmt":"2025-07-30T15:58:56","slug":"contact","status":"publish","type":"page","link":"https:\/\/michel-irs.com\/fr\/contact\/","title":{"rendered":"Contact"},"content":{"rendered":"<div data-vc-full-width=\"true\" data-vc-full-width-init=\"false\" data-vc-stretch-content=\"true\" class=\"vc_row wpb_row vc_row-fluid vc_custom_1525954794365 vc_row-no-padding\"><div class=\"wpb_column vc_column_container vc_col-sm-12\"><div class=\"vc_column-inner\"><div class=\"wpb_wrapper\"><div class=\"vc_row wpb_row vc_inner vc_row-fluid\"><div class=\"wpb_column vc_column_container vc_col-sm-12 vc_hidden-sm vc_hidden-xs vc_col-has-fill\"><div class=\"vc_column-inner vc_custom_1525956898933\"><div class=\"wpb_wrapper\">\n\t<div class=\"wpb_text_column wpb_content_element  vc_custom_1525956655068\">\n\t\t<div class=\"wpb_wrapper\">\n\t\t\t<h1><span style=\"color: #ffffff;\">Contact\/mentions l\u00e9gales<\/span><\/h1>\n\n\t\t<\/div>\n\t<\/div>\n<\/div><\/div><\/div><\/div><div class=\"vc_row wpb_row vc_inner vc_row-fluid vc_custom_1525955505738 vc_row-has-fill\"><div class=\"wpb_column vc_column_container vc_col-sm-12 vc_hidden-lg vc_hidden-md vc_col-has-fill\"><div class=\"vc_column-inner vc_custom_1525956984303\"><div class=\"wpb_wrapper\">\n\t<div class=\"wpb_text_column wpb_content_element  vc_custom_1525956661590\">\n\t\t<div class=\"wpb_wrapper\">\n\t\t\t<h1><span style=\"color: #ffffff;\">Contact\/mentions l\u00e9gales<\/span><\/h1>\n\n\t\t<\/div>\n\t<\/div>\n<\/div><\/div><\/div><\/div><\/div><\/div><\/div><\/div><div class=\"vc_row-full-width vc_clearfix\"><\/div><div data-vc-full-width=\"true\" data-vc-full-width-init=\"false\" data-vc-stretch-content=\"true\" class=\"vc_row wpb_row vc_row-fluid vc_custom_1525956681447 vc_column-gap-35 vc_row-no-padding\"><div class=\"wpb_column vc_column_container vc_col-sm-6\"><div class=\"vc_column-inner\"><div class=\"wpb_wrapper\"><h2 style=\"font-size: 42px;color: #0a0a0a;text-align: left;font-family:Roboto Condensed;font-weight:300;font-style:normal\" class=\"vc_custom_heading vc_custom_1525920408058\"><b>MICHEL<\/b><br \/>\nInternational Relations &amp; Services<\/h2><div class=\"vc_empty_space\"  style=\"height: 15px\" ><span class=\"vc_empty_space_inner\"><\/span><\/div>\n\n\t<div class=\"wpb_text_column wpb_content_element  vc_custom_1525963634669\">\n\t\t<div class=\"wpb_wrapper\">\n\t\t\t<h3><span style=\"color: #000000;\">Fondatrice et directrice g\u00e9n\u00e9rale :<br \/>\nRebecka Michel<\/span><\/h3>\n\n\t\t<\/div>\n\t<\/div>\n<\/div><\/div><\/div><div class=\"wpb_column vc_column_container vc_col-sm-6\"><div class=\"vc_column-inner vc_custom_1525911892438\"><div class=\"wpb_wrapper\"><div class=\"uavc-list-icon uavc-list-icon-wrapper ult-adjust-bottom-margin   vc_custom_1525912220537  vc_custom_1525912220537\"><ul class=\"uavc-list\"><li><div class=\"uavc-list-content\" id=\"list-icon-wrap-7538\">\n<div class=\"uavc-list-icon\" data-animation=\"\" data-animation-delay=\"03\" style=\"margin-right:15px;\"><div class=\"ult-just-icon-wrapper\"><div class=\"align-icon\" style=\"text-align:center;\">\n<div class=\"aio-icon none\"  style=\"color:#00667d;font-size:24px;display:inline-block;\">\n\t<i class=\"Defaults-phone\"><\/i>\n<\/div><\/div><\/div>\n<\/div><span  data-ultimate-target='#list-icon-wrap-7538 .uavc-list-desc'  data-responsive-json-new='{\"font-size\":\"desktop:22px;\",\"line-height\":\"desktop:36px;\"}'  class=\"uavc-list-desc ult-responsive\" style=\"color:#000000;\">+49-30-20924-004<\/span><\/div><\/li><li><div class=\"uavc-list-content\" id=\"list-icon-wrap-9564\">\n<div class=\"uavc-list-icon\" data-animation=\"\" data-animation-delay=\"03\" style=\"margin-right:15px;\"><div class=\"ult-just-icon-wrapper\"><div class=\"align-icon\" style=\"text-align:center;\">\n<div class=\"aio-icon none\"  style=\"color:#00667d;font-size:24px;display:inline-block;\">\n\t<i class=\"Defaults-print\"><\/i>\n<\/div><\/div><\/div>\n<\/div><span  data-ultimate-target='#list-icon-wrap-9564 .uavc-list-desc'  data-responsive-json-new='{\"font-size\":\"desktop:22px;\",\"line-height\":\"desktop:36px;\"}'  class=\"uavc-list-desc ult-responsive\" style=\"color:#000000;\">+49-30-700143-4194<\/span><\/div><\/li><li><div class=\"uavc-list-content\" id=\"list-icon-wrap-3405\">\n<div class=\"uavc-list-icon\" data-animation=\"\" data-animation-delay=\"03\" style=\"margin-right:15px;\"><div class=\"ult-just-icon-wrapper\"><div class=\"align-icon\" style=\"text-align:center;\">\n<div class=\"aio-icon none\"  style=\"color:#00667d;font-size:24px;display:inline-block;\">\n\t<i class=\"Defaults-envelope-o\"><\/i>\n<\/div><\/div><\/div>\n<\/div><span  data-ultimate-target='#list-icon-wrap-3405 .uavc-list-desc'  data-responsive-json-new='{\"font-size\":\"desktop:22px;\",\"line-height\":\"\"}'  class=\"uavc-list-desc ult-responsive\" style=\"color:#000000;\">\n<h4>info@michel-irs.com<\/h4>\n<\/span><\/div><\/li><li><div class=\"uavc-list-content\" id=\"list-icon-wrap-5462\">\n<div class=\"uavc-list-icon\" data-animation=\"\" data-animation-delay=\"03\" style=\"margin-right:15px;\"><div class=\"ult-just-icon-wrapper\"><div class=\"align-icon\" style=\"text-align:center;\">\n<div class=\"aio-icon none\"  style=\"color:#00667d;font-size:24px;display:inline-block;\">\n\t<i class=\"Defaults-map-marker\"><\/i>\n<\/div><\/div><\/div>\n<\/div><span  data-ultimate-target='#list-icon-wrap-5462 .uavc-list-desc'  data-responsive-json-new='{\"font-size\":\"desktop:22px;\",\"line-height\":\"\"}'  class=\"uavc-list-desc ult-responsive\" style=\"\">MICHEL International Relations &amp; Services<br \/>\nUnter den Linden 21<br \/>\n10 117 Berlin<\/span><\/div><\/li><\/ul><\/div><\/div><\/div><\/div><\/div><div class=\"vc_row-full-width vc_clearfix\"><\/div><div data-vc-full-width=\"true\" data-vc-full-width-init=\"false\" data-vc-stretch-content=\"true\" class=\"vc_row wpb_row vc_row-fluid vc_custom_1525911978671 vc_column-gap-35\"><div class=\"wpb_column vc_column_container vc_col-sm-12\"><div class=\"vc_column-inner\"><div class=\"wpb_wrapper\"><div class=\"vc_separator wpb_content_element vc_separator_align_center vc_sep_width_100 vc_sep_dotted vc_sep_pos_align_center vc_separator_no_text vc_custom_1525920528762  vc_custom_1525920528762\"><span class=\"vc_sep_holder vc_sep_holder_l\"><span  style=\"border-color:#d8d8d8;\" class=\"vc_sep_line\"><\/span><\/span><span class=\"vc_sep_holder vc_sep_holder_r\"><span  style=\"border-color:#d8d8d8;\" class=\"vc_sep_line\"><\/span><\/span>\n<\/div>\n\t<div class=\"wpb_text_column wpb_content_element  vc_custom_1606254838964\">\n\t\t<div class=\"wpb_wrapper\">\n\t\t\t<h4><strong>EXCLUSION DE RESPONSABILIT\u00c9<\/strong><\/h4>\n\n\t\t<\/div>\n\t<\/div>\n<\/div><\/div><\/div><\/div><div class=\"vc_row-full-width vc_clearfix\"><\/div><div data-vc-full-width=\"true\" data-vc-full-width-init=\"false\" data-vc-stretch-content=\"true\" class=\"vc_row wpb_row vc_row-fluid vc_custom_1525912094096 vc_column-gap-35\"><div class=\"wpb_column vc_column_container vc_col-sm-6\"><div class=\"vc_column-inner\"><div class=\"wpb_wrapper\">\n\t<div class=\"wpb_text_column wpb_content_element\">\n\t\t<div class=\"wpb_wrapper\">\n\t\t\t<p>CONTENU DU SITE INTERNET<\/p>\n<p>L'ensemble des contenus sur le pr\u00e9sent site Internet a \u00e9t\u00e9 \u00e9labor\u00e9 par le prestataire de services et les fournisseurs d'informations avec le plus grand soin. Le prestataire de services n'assume cependant aucune garantie pour l'actualit\u00e9, l'exactitude, l'exhaustivit\u00e9 ou la qualit\u00e9 des contenus mis \u00e0 disposition. En principe, toute pr\u00e9tention en responsabilit\u00e9 \u00e0 l'encontre de l'auteur qui se rapportent \u00e0 des dommages de nature mat\u00e9rielle ou immat\u00e9rielle et qui sont provoqu\u00e9s par l'utilisation ou la non-utilisation des informations propos\u00e9es ou bien par l'utilisation d'informations fausses ou incompl\u00e8tes est exclue, \u00e0 moins que l'on ne puisse apporter la preuve que le prestataire de services ait agi intentionnellement ou par n\u00e9gligence grave. Toute offre est non-contractuelle, sous r\u00e9serve de confirmation. L'auteur se r\u00e9serve express\u00e9ment le droit de modifier, de compl\u00e9ter, d'effacer des parties des pages ou la totalit\u00e9 du site internet sans pr\u00e9avis ou de suspendre la publication temporairement ou d\u00e9finitivement.<\/p>\n<p>RENVOIS ET LIENS<\/p>\n<p>En cas de renvois directs ou indirects vers des sites Internet tiers ( \u00ab liens \u00bb ), qui se situent en dehors du champ de responsabilit\u00e9 de l'auteur, une obligation de responsabilit\u00e9 pourrait survenir exclusivement dans le cas ou l'auteur aurait eu connaissance des contenus et qu'il serait possible et acceptable techniquement d'emp\u00eacher l'exploitation de contenus illicites. L'offrant du site internet consult\u00e9 est responsable \u00e0 lui seul pour tout contenu.<\/p>\n<p>PROPRI\u00c9T\u00c9  INTELLECTUELLE<\/p>\n<p>All pages and content within this Site as well as the associated subdomains, including but not limited to, text, graphics, audio, video, photographs, logos or other materials are the intellectual property of, or are authorized for use by, MICHEL International Relations &amp; Services, business partners, clients and affiliates, including all trademarks, service marks, copyrights, patents and trade secrets contained therein.<\/p>\n<p>VALIDIT\u00c9 L\u00c9GALE DE CETTE EXCLUSION DE RESPONSABILIT\u00c9<\/p>\n<p>L'exclusion de responsabilit\u00e9 est \u00e0 consid\u00e9rer comme faisant partie int\u00e9grante de l'offre Internet, dont il est fait allusion sur ce site. Si certaines parties ou formulations de ce texte ne sont pas, plus ou pas enti\u00e8rement conformes \u00e0 la l\u00e9gislation en vigueur, le contenu et la validit\u00e9 du reste du document n'en sont en rien compromis.<\/p>\n\n\t\t<\/div>\n\t<\/div>\n<\/div><\/div><\/div><div class=\"wpb_column vc_column_container vc_col-sm-6\"><div class=\"vc_column-inner\"><div class=\"wpb_wrapper\">\n\t<div class=\"wpb_text_column wpb_content_element\">\n\t\t<div class=\"wpb_wrapper\">\n\t\t\t<p>RENSEIGNEMENTS PERSONNELS ET CONFIDENTIALIT\u00c9<\/p>\n<p>Sur notre site, nous vous offrons la possibilit\u00e9 de nous contacter par e-mail. Ce faisant, les informations mises \u00e0 disposition par l'utilisateur sont conserv\u00e9es afin de faciliter la communication avec celui-ci. Vos donn\u00e9es ne sont en aucun cas diffus\u00e9es \u00e0 une tierce personne ni ne sont compar\u00e9es avec de quelconques autres donn\u00e9es qui seraient collect\u00e9es par le biais d'autres composants de notre site internet.<\/p>\n<p>ERREURS\/CORRECTIONS\/MODIFICATIONS<\/p>\n<p>Conform\u00e9ment \u00e0 la Loi f\u00e9d\u00e9rale sur la protection des donn\u00e9es, vous pouvez nous contacter sans le moindre frais pour toutes questions relatives \u00e0 la collecte, au traitement, ou \u00e0 l'utilisation de vos informations personnelles et \u00e0 leur rectification, leur blocage, leur effacement ou le retrait d'un accord pr\u00e9alablement consenti. Veuillez noter que vous avez le droit de demander la rectification de donn\u00e9es incorrectes ou leur retrait du site, dans l'\u00e9ventualit\u00e9 o\u00f9 aucune obligation de conservation l\u00e9gale ne s'y oppose.<\/p>\n<p>PHOTO CREDITS<\/p>\n<p>Home: \u00a9European Union I About: \u00a9private collection I Services: \u00a9photothek.de I Services: Specialist Protocol Services and Liaison Officers: \u00a9European Union I Services: First, third and fourth example of events: \u00a9private collection I Services: Second example of events: \u00a9European Union I Services: All three black &amp; white photos: \u00a9Stefan Zeitz I Services: High Level National &amp; International Conferences: \u00a9Stefan Zeitz I Services: First example of events: Die Staats- und Regierungschefs der G20-Staaten mit den geladenen G20-Teilnehmern \u00a9Bundesregierung\/Kugler I Services: Second example of events: \u00a9private collection I Services: Third example of events: COP23 Barbara Hendricks, Emmanuel Macron, Nicolas Hulot \u00a9Dominik Ketz I Services: Fourth example of events: \u00a9photothek.de I Services: All three black &amp; white photos: \u00a9Stefan Zeitz I Services: Information, Study and Press Tours; Official Delegations: \u00a9DAAD\/Stefan Zeitz I Services: First example of events: DAAD Wahlbeobachterreise 2017 \u00a9DAAD\/Stefan Zeitz I Services: Second example of events: Press Tour, Bremerhaven, Germany, 2017 \u00a9DAAD\/Focke Strangmann I Services: Third and fourth example of events: \u00a9private collection I Services: All three black &amp; white photos: \u00a9Stefan Zeitz I Services: Expert Meetings around the World: \u00a9DAAD\/Wolfgang H\u00fcbner-Stauf I Services: First example of events: \u00a9DAAD\/Joyn coon I Services: Second and fourth example of events: \u00a9private collection I Services: Third example of events: \u00a9DAAD\/Wolfgang H\u00fcbner-Stauf I Services: First black &amp; white photo: \u00a9Stefan Zeitz I Services: Second black &amp; white photo: \u00a9DAAD\/Wolfgang H\u00fcbner-Stauf I Services: Third black &amp; white photo: \u00a9private collection I References: \u00a9ShutterStock I Contacts: \u00a9private collection.<\/p>\n<p>&nbsp;<\/p>\n\n\t\t<\/div>\n\t<\/div>\n<\/div><\/div><\/div><\/div><div class=\"vc_row-full-width vc_clearfix\"><\/div><div data-vc-full-width=\"true\" data-vc-full-width-init=\"false\" data-vc-stretch-content=\"true\" class=\"vc_row wpb_row vc_row-fluid vc_custom_1525911978671 vc_column-gap-35\"><div class=\"wpb_column vc_column_container vc_col-sm-12\"><div class=\"vc_column-inner\"><div class=\"wpb_wrapper\"><div class=\"vc_separator wpb_content_element vc_separator_align_center vc_sep_width_100 vc_sep_dotted vc_sep_pos_align_center vc_separator_no_text vc_custom_1525920528762  vc_custom_1525920528762\"><span class=\"vc_sep_holder vc_sep_holder_l\"><span  style=\"border-color:#d8d8d8;\" class=\"vc_sep_line\"><\/span><\/span><span class=\"vc_sep_holder vc_sep_holder_r\"><span  style=\"border-color:#d8d8d8;\" class=\"vc_sep_line\"><\/span><\/span>\n<\/div>\n\t<div class=\"wpb_text_column wpb_content_element  vc_custom_1718970355586\">\n\t\t<div class=\"wpb_wrapper\">\n\t\t\t<h4><strong>HAFTUNGSAUSSCHLUSS<\/strong><\/h4>\n\n\t\t<\/div>\n\t<\/div>\n<\/div><\/div><\/div><\/div><div class=\"vc_row-full-width vc_clearfix\"><\/div><div data-vc-full-width=\"true\" data-vc-full-width-init=\"false\" data-vc-stretch-content=\"true\" class=\"vc_row wpb_row vc_row-fluid vc_custom_1525911978671 vc_column-gap-35\"><div class=\"wpb_column vc_column_container vc_col-sm-6\"><div class=\"vc_column-inner\"><div class=\"wpb_wrapper\">\n\t<div class=\"wpb_text_column wpb_content_element\">\n\t\t<div class=\"wpb_wrapper\">\n\t\t\t<p>INHALTE DER WEBSITE<\/p>\n<p>S\u00e4mtliche Inhalte auf dieser Webseite wurden vom Anbieter und den Informationslieferanten mit gr\u00f6\u00dftm\u00f6glicher Sorgfalt erstellt. Dennoch \u00fcbernimmt der Anbieter keine Gew\u00e4hr f\u00fcr die Aktualit\u00e4t, Richtigkeit, Vollst\u00e4ndigkeit oder Qualit\u00e4t der bereitgestellten Inhalte. Haftungsanspr\u00fcche gegen\u00fcber dem Anbieter, die sich auf Sch\u00e4den materieller oder ideeller Natur beziehen und die durch die Nutzung oder Nichtnutzung der angebotenen Informationen oder durch die Nutzung falscher oder unvollst\u00e4ndiger Informationen entstehen, sind grunds\u00e4tzlich ausgeschlossen, es sei denn, dem Anbieter kann ein vors\u00e4tzlicher oder grob fahrl\u00e4ssiger Fehler nachgewiesen werden. S\u00e4mtliche Angebote sind freibleibend und unverbindlich. Der Anbieter beh\u00e4lt es sich ausdr\u00fccklich vor, Teile der Website oder den gesamten Internetauftritt ohne vorherige Ank\u00fcndigung zu \u00e4ndern, zu erg\u00e4nzen, zu l\u00f6schen oder deren Ver\u00f6ffentlichung tempor\u00e4r oder endg\u00fcltig einzustellen.<\/p>\n<p>VERWEISE UND LINKS<\/p>\n<p>F\u00fcr direkte oder indirekte Verweise (Links) auf Websites au\u00dferhalb der Zust\u00e4ndigkeit des Anbieters kann dieser nur eine Gew\u00e4hr \u00fcbernehmen, insoweit er Kenntnis \u00fcber deren Inhalte hat und technisch in der Lage ist, die Nutzung etwaiger illegaler Inhalte zu verhindern. F\u00fcr jegliche Inhalte, \u00fcber die der Anbieter keine Kenntnis hat, und insbesondere f\u00fcr Sch\u00e4den, die durch die Nutzung oder Nichtnutzung von auf solche Weise bereitgestellten Informationen entstehen, haftet ausschlie\u00dflich der Anbieter der verlinkten Website. Die Person, die lediglich auf das jeweilige Angebot durch einen Link Bezug nimmt, ist in dieser Hinsicht nicht haftbar. Diese Erkl\u00e4rung gilt ebenso f\u00fcr Eintr\u00e4ge Dritter in vom Anbieter bereitgestellten G\u00e4steb\u00fcchern, Diskussionsforen und Mailinglisten.<\/p>\n<p>URHEBERRECHT<\/p>\n<p>Alle Seiten und Inhalte innerhalb dieser Website sowie die dazugeh\u00f6rigen Subdomains, insbesondere Text, Grafik, Audio, Video, Fotos, Logos oder andere Materialien, sind geistiges Eigentum oder f\u00fcr die Nutzung autorisiert von MICHEL International Relations &amp; Services, Gesch\u00e4ftspartnern, Kunden und angeschlossenen Gesellschaften &#8211; einschlie\u00dflich aller darin enthaltenen Marken, Dienstleistungsmarken, Urheberrechte, Patente und Gesch\u00e4ftsgeheimnisse.<\/p>\n<p>RECHTSWIRKSAMKEIT DIESES HAFTUNGSAUSSCHLUSSES<\/p>\n<p>Dieser Haftungsausschluss ist als Teil der Website anzusehen, die sich auf ihn bezieht. Entsprechen Teile oder bestimmte Formulierungen dieses Textes \u00fcberhaupt nicht, nicht mehr oder nicht vollst\u00e4ndig der aktuellen Gesetzgebung, bleiben der Inhalt und die G\u00fcltigkeit der \u00fcbrigen Teile dieses Dokumentes davon unber\u00fchrt.<\/p>\n\n\t\t<\/div>\n\t<\/div>\n<\/div><\/div><\/div><div class=\"wpb_column vc_column_container vc_col-sm-6\"><div class=\"vc_column-inner\"><div class=\"wpb_wrapper\">\n\t<div class=\"wpb_text_column wpb_content_element\">\n\t\t<div class=\"wpb_wrapper\">\n\t\t\t<p>DATENSCHUTZ<\/p>\n<p>Wir bieten Ihnen auf unserer Seite die M\u00f6glichkeit, per E-Mail Kontakt mit uns aufzunehmen. Dabei werden die vom Nutzer bereitgestellten Informationen im Interesse leichterer Kommunikation mit ihm gespeichert. Eine Weitergabe von Daten an Dritte erfolgt nicht. Ein Abgleich der so erhobenen Daten mit Daten, die m\u00f6glicherweise durch andere Komponenten unserer Seite erhoben werden, erfolgt ebenfalls nicht.<\/p>\n<p>AUSKUNFT\/WIDERRUF\/L\u00d6SCHUNG<\/p>\n<p>Sie k\u00f6nnen sich aufgrund des Bundesdatenschutzgesetzes bei Fragen zur Erhebung, Verarbeitung oder Nutzung Ihrer personenbezogenen Daten und zu deren Berichtigung, Sperrung oder L\u00f6schung oder einem Widerruf einer erteilten Einwilligung unentgeltlich an uns wenden. Wir weisen darauf hin, dass Ihnen ein Recht auf Berichtigung falscher Daten oder L\u00f6schung personenbezogener Daten zusteht, sollte diesem Anspruch keine gesetzliche Aufbewahrungspflicht entgegenstehen.<\/p>\n<p>PHOTO CREDITS<\/p>\n<p>Home: \u00a9European Union I About: \u00a9private collection I Services: \u00a9photothek.de I Services: Specialist Protocol Services and Liaison Officers: \u00a9European Union I Services: First, third and fourth example of events: \u00a9private collection I Services: Second example of events: \u00a9European Union I Services: All three black &amp; white photos: \u00a9Stefan Zeitz I Services: High Level National &amp; International Conferences: \u00a9Stefan Zeitz I Services: First example of events: Die Staats- und Regierungschefs der G20-Staaten mit den geladenen G20-Teilnehmern \u00a9Bundesregierung\/Kugler I Services: Second example of events: \u00a9private collection I Services: Third example of events: COP23 Barbara Hendricks, Emmanuel Macron, Nicolas Hulot \u00a9Dominik Ketz I Services: Fourth example of events: \u00a9photothek.de I Services: All three black &amp; white photos: \u00a9Stefan Zeitz I Services: Information, Study and Press Tours; Official Delegations: \u00a9DAAD\/Stefan Zeitz I Services: First example of events: DAAD Wahlbeobachterreise 2017 \u00a9DAAD\/Stefan Zeitz I Services: Second example of events: Press Tour, Bremerhaven, Germany, 2017 \u00a9DAAD\/Focke Strangmann I Services: Third and fourth example of events: \u00a9private collection I Services: All three black &amp; white photos: \u00a9Stefan Zeitz I Services: Expert Meetings around the World: \u00a9DAAD\/Wolfgang H\u00fcbner-Stauf I Services: First example of events: \u00a9DAAD\/Joyn coon I Services: Second and fourth example of events: \u00a9private collection I Services: Third example of events: \u00a9DAAD\/Wolfgang H\u00fcbner-Stauf I Services: First black &amp; white photo: \u00a9Stefan Zeitz I Services: Second black &amp; white photo: \u00a9DAAD\/Wolfgang H\u00fcbner-Stauf I Services: Third black &amp; white photo: \u00a9private collection I References: \u00a9ShutterStock I Contacts: \u00a9private collection.<\/p>\n\n\t\t<\/div>\n\t<\/div>\n<\/div><\/div><\/div><\/div><div class=\"vc_row-full-width vc_clearfix\"><\/div><div data-vc-full-width=\"true\" data-vc-full-width-init=\"false\" data-vc-stretch-content=\"true\" data-vc-parallax=\"1\" class=\"vc_row wpb_row vc_row-fluid vc_custom_1521996329133 vc_row-has-fill vc_row-no-padding vc_row-o-content-bottom vc_row-flex vc_general vc_parallax vc_parallax-content-moving\"><div class=\"wpb_column vc_column_container vc_col-sm-12\"><div class=\"vc_column-inner\"><div class=\"wpb_wrapper\">\n\t<div class=\"wpb_single_image wpb_content_element vc_align_center  vc_custom_1521942992515\">\n\t\t\n\t\t<figure class=\"wpb_wrapper vc_figure\">\n\t\t\t<div class=\"vc_single_image-wrapper   vc_box_border_grey\"><img loading=\"lazy\" decoding=\"async\" width=\"1800\" height=\"140\" src=\"https:\/\/michel-irs.com\/wp-content\/uploads\/2018\/03\/lines-3.jpg\" class=\"vc_single_image-img attachment-full\" alt=\"\" srcset=\"https:\/\/michel-irs.com\/wp-content\/uploads\/2018\/03\/lines-3.jpg 1800w, https:\/\/michel-irs.com\/wp-content\/uploads\/2018\/03\/lines-3-300x23.jpg 300w, https:\/\/michel-irs.com\/wp-content\/uploads\/2018\/03\/lines-3-768x60.jpg 768w, https:\/\/michel-irs.com\/wp-content\/uploads\/2018\/03\/lines-3-1024x80.jpg 1024w, https:\/\/michel-irs.com\/wp-content\/uploads\/2018\/03\/lines-3-500x39.jpg 500w\" sizes=\"(max-width: 1800px) 100vw, 1800px\" \/><\/div>\n\t\t<\/figure>\n\t<\/div>\n<\/div><\/div><\/div><\/div><div class=\"vc_row-full-width vc_clearfix\"><\/div>","protected":false},"excerpt":{"rendered":"CONTACT\/IMPRINT CONTACT\/IMPRINT MICHEL International Relations &amp; Services Founder and Managing Director: Rebecka Michel +49-30-20924-004 +49-30-700143-4194 info@michel-irs.com MICHEL International Relations &amp; Services Unter den Linden 21 10 117 Berlin LIABILITY EXCLUSION...","protected":false},"author":1,"featured_media":0,"parent":0,"menu_order":0,"comment_status":"closed","ping_status":"closed","template":"","meta":{"footnotes":""},"class_list":["post-16","page","type-page","status-publish","hentry"],"jetpack_sharing_enabled":true,"_links":{"self":[{"href":"https:\/\/michel-irs.com\/fr\/wp-json\/wp\/v2\/pages\/16"}],"collection":[{"href":"https:\/\/michel-irs.com\/fr\/wp-json\/wp\/v2\/pages"}],"about":[{"href":"https:\/\/michel-irs.com\/fr\/wp-json\/wp\/v2\/types\/page"}],"author":[{"embeddable":true,"href":"https:\/\/michel-irs.com\/fr\/wp-json\/wp\/v2\/users\/1"}],"replies":[{"embeddable":true,"href":"https:\/\/michel-irs.com\/fr\/wp-json\/wp\/v2\/comments?post=16"}],"version-history":[{"count":72,"href":"https:\/\/michel-irs.com\/fr\/wp-json\/wp\/v2\/pages\/16\/revisions"}],"predecessor-version":[{"id":1308,"href":"https:\/\/michel-irs.com\/fr\/wp-json\/wp\/v2\/pages\/16\/revisions\/1308"}],"wp:attachment":[{"href":"https:\/\/michel-irs.com\/fr\/wp-json\/wp\/v2\/media?parent=16"}],"curies":[{"name":"wp","href":"https:\/\/api.w.org\/{rel}","templated":true}]}}