{"id":12,"date":"2016-11-21T18:55:11","date_gmt":"2016-11-21T18:55:11","guid":{"rendered":"https:\/\/michel-irs.com\/?page_id=12"},"modified":"2021-04-07T16:26:11","modified_gmt":"2021-04-07T15:26:11","slug":"references","status":"publish","type":"page","link":"https:\/\/michel-irs.com\/fr\/references\/","title":{"rendered":"R\u00e9f\u00e9rences"},"content":{"rendered":"<div data-vc-full-width=\"true\" data-vc-full-width-init=\"false\" data-vc-stretch-content=\"true\" class=\"vc_row wpb_row vc_row-fluid vc_custom_1525954794365 vc_row-no-padding\"><div class=\"wpb_column vc_column_container vc_col-sm-12\"><div class=\"vc_column-inner\"><div class=\"wpb_wrapper\"><div class=\"vc_row wpb_row vc_inner vc_row-fluid\"><div class=\"wpb_column vc_column_container vc_col-sm-12 vc_hidden-sm vc_hidden-xs vc_col-has-fill\"><div class=\"vc_column-inner vc_custom_1525956249393\"><div class=\"wpb_wrapper\">\n\t<div class=\"wpb_text_column wpb_content_element  vc_custom_1525956102067\">\n\t\t<div class=\"wpb_wrapper\">\n\t\t\t<h1><span style=\"color: #ffffff;\">R\u00e9f\u00e9rences<\/span><\/h1>\n\n\t\t<\/div>\n\t<\/div>\n<\/div><\/div><\/div><\/div><div class=\"vc_row wpb_row vc_inner vc_row-fluid vc_custom_1525955505738 vc_row-has-fill\"><div class=\"wpb_column vc_column_container vc_col-sm-12 vc_hidden-lg vc_hidden-md vc_col-has-fill\"><div class=\"vc_column-inner vc_custom_1525956480038\"><div class=\"wpb_wrapper\">\n\t<div class=\"wpb_text_column wpb_content_element  vc_custom_1525956112755\">\n\t\t<div class=\"wpb_wrapper\">\n\t\t\t<h1><span style=\"color: #ffffff;\">R\u00e9f\u00e9rences<\/span><\/h1>\n\n\t\t<\/div>\n\t<\/div>\n<\/div><\/div><\/div><\/div><\/div><\/div><\/div><\/div><div class=\"vc_row-full-width vc_clearfix\"><\/div><div data-vc-full-width=\"true\" data-vc-full-width-init=\"false\" data-vc-stretch-content=\"true\" class=\"vc_row wpb_row vc_row-fluid vc_custom_1525956510430 vc_column-gap-35 vc_row-no-padding\"><div class=\"wpb_column vc_column_container vc_col-sm-6\"><div class=\"vc_column-inner vc_custom_1521953185899\"><div class=\"wpb_wrapper\">\n\t<div class=\"wpb_text_column wpb_content_element  vc_custom_1521969848373\">\n\t\t<div class=\"wpb_wrapper\">\n\t\t\t<h3><span style=\"color: #000000;\">SECTEUR PUBLIC, ORGANISATIONS INTERNATIONALES ET ONG<\/span><\/h3>\n\n\t\t<\/div>\n\t<\/div>\n<div class=\"vc_empty_space\"  style=\"height: 20px\" ><span class=\"vc_empty_space_inner\"><\/span><\/div>\n\n\t<div class=\"wpb_text_column wpb_content_element  vc_custom_1616519164638\">\n\t\t<div class=\"wpb_wrapper\">\n\t\t\t<p style=\"text-align: left;\">African Climate Finance Hub (ACFH)<br \/>\nFondation Alexander von Humboldt (AvH)<br \/>\nAcad\u00e9mie scientifique germano-arabe (AGYA)<br \/>\nBanque asiatique du d\u00e9veloppement (ADB)<br \/>\nAssociation des auteurs scientifiques allemands<br \/>\nConseil de la bio\u00e9conomie<br \/>\nDeutsche Gesellschaft f\u00fcr Internationale Zusammenarbeit (GIZ)<br \/>\nCommission Europ\u00e9enne \u2013 Direction G\u00e9n\u00e9rale pour la Coop\u00e9ration Internationale et le D\u00e9veloppement (DG DEVCO)<br \/>\nService Public F\u00e9d\u00e9ral belge Mobilit\u00e9 et Transports<br \/>\nService Public F\u00e9d\u00e9ral belge Affaires \u00e9trang\u00e8res, Commerce ext\u00e9rieur et Coop\u00e9ration au D\u00e9veloppement<br \/>\nMinist\u00e8re fran\u00e7ais pour l'Immigration, l'Int\u00e9gration, l'Identit\u00e9 nationale et le D\u00e9veloppement solidaire<br \/>\nMinist\u00e8re fran\u00e7ais de l'\u00c9conomie et des Finances<br \/>\nMinist\u00e8re fran\u00e7ais des Affaires \u00e9trang\u00e8res et du D\u00e9veloppement international<br \/>\nService allemand d'\u00e9changes universitaires (DAAD)<br \/>\nCentre a\u00e9rospatial allemand | Agence de gestion de projet | Coop\u00e9ration Europ\u00e9enne et Internationale | Bureau International (PT DLR)<br \/>\nConseil allemand des sciences et des humanit\u00e9s<br \/>\nMinist\u00e8re allemand des Affaires \u00e9trang\u00e8res (AA)<br \/>\nMinist\u00e8re f\u00e9d\u00e9ral allemand de la formation et de la recherche (BMBF)<br \/>\nMinist\u00e8re f\u00e9d\u00e9ral allemand de l\u2019Alimentation et de l\u2019Agriculture (BMEL)<br \/>\nMinist\u00e8re f\u00e9d\u00e9ral allemand des finances (BMF)<br \/>\nMinist\u00e8re f\u00e9d\u00e9ral allemand de la Famille, des Personnes \u00e2g\u00e9es, de la Femme et de la Jeunesse (BMFSFJ)<br \/>\nMinist\u00e8re f\u00e9d\u00e9ral allemand de la sant\u00e9 (BMG)<br \/>\nMinist\u00e8re f\u00e9d\u00e9ral allemand de la justice (BMJ)<br \/>\nMinist\u00e8re f\u00e9d\u00e9ral allemand de l'environnement, de la protection de la nature, de la construction et de la s\u00e9curit\u00e9 nucl\u00e9aire (BMUB)<br \/>\nMinist\u00e8re f\u00e9d\u00e9ral allemand de l\u2019\u00c9conomie et de l'\u00c9nergie (BMWi)<br \/>\nMinist\u00e8re f\u00e9d\u00e9ral allemand pour la Coop\u00e9ration \u00e9conomique et le d\u00e9veloppement (BMZ)<br \/>\nFonds pour l'environnement mondial<br \/>\nKnowledge Network Institute of Thailand (KNIT)<br \/>\nCommission nationale pour le D\u00e9veloppement et la R\u00e9forme (R\u00e9publique Populaire de Chine)<br \/>\nOrganisation de Coop\u00e9ration et de D\u00e9veloppement \u00c9conomiques (OCDE)<br \/>\nLe Groupe de la Banque mondiale<\/p>\n\n\t\t<\/div>\n\t<\/div>\n<div class=\"vc_empty_space\"  style=\"height: 40px\" ><span class=\"vc_empty_space_inner\"><\/span><\/div>\n\n\t<div class=\"wpb_text_column wpb_content_element  vc_custom_1521969855637\">\n\t\t<div class=\"wpb_wrapper\">\n\t\t\t<h3><span style=\"color: #000000;\">SECTEUR PRIV\u00c9<\/span><\/h3>\n\n\t\t<\/div>\n\t<\/div>\n<div class=\"vc_empty_space\"  style=\"height: 20px\" ><span class=\"vc_empty_space_inner\"><\/span><\/div>\n\n\t<div class=\"wpb_text_column wpb_content_element  vc_custom_1525911095821\">\n\t\t<div class=\"wpb_wrapper\">\n\t\t\t<p style=\"text-align: left;\">Communicor Ltd.<br \/>\nEuro Jet Intercontinental<br \/>\nEurofighter Thyphoon<br \/>\nPanavia Aircraft GmbH<br \/>\nPrinceton Economics Research Institute AG<br \/>\nRegency Limo &amp; Coach<br \/>\nRockwell Collins<br \/>\nSiemens AG<br \/>\nThe Aspen Institute<br \/>\nThe Paternoster Group<br \/>\nTravel Services Europe<\/p>\n\n\t\t<\/div>\n\t<\/div>\n<\/div><\/div><\/div><div class=\"wpb_column vc_column_container vc_col-sm-6\"><div class=\"vc_column-inner\"><div class=\"wpb_wrapper\">\n\t<div class=\"wpb_text_column wpb_content_element  vc_custom_1521969841579\">\n\t\t<div class=\"wpb_wrapper\">\n\t\t\t<h3><span style=\"color: #000000;\">EXEMPLES<br \/>\nD'\u00c9V\u00c8NEMENTS<\/span><\/h3>\n\n\t\t<\/div>\n\t<\/div>\n<div class=\"vc_empty_space\"  style=\"height: 20px\" ><span class=\"vc_empty_space_inner\"><\/span><\/div>\n\n\t<div class=\"wpb_text_column wpb_content_element  vc_custom_1616518923372\">\n\t\t<div class=\"wpb_wrapper\">\n\t\t\t<p style=\"text-align: left;\">Pr\u00e9sidence tournante du Conseil de l'Union europ\u00e9enne (Portugal 2021; Allemagne 2020; Pologne 2011; Belgique 2010; France 2008; Portugal 2007; Allemagne 2007)<br \/>\nDivers ateliers d'experts internationaux (Myanmar, Vietnam 2019; Myanmar 2018; Tha\u00eflande, Afrique du Sud 2017; Tunisie 2016, Cameroun 2016; Afrique du Sud 2015)<br \/>\nDiverses conf\u00e9rences d'experts internationales (Ghana 2020; \u00c9quateur, \u00c9thiopie 2019; Ghana, Maroc, Tunisie, Afrique du Sud 2018; Tanzanie 2017; Alg\u00e9rie 2015; Barbade 2013)<br \/>\nSommet mondial de la bio\u00e9conomie (2018; 2015)<br \/>\nExposition a\u00e9rospatiale internationale \u00e0 Berlin \u2013 ILA (2018; 2016; 2014; 2012; 2010)<br \/>\nConf\u00e9rence mondiale sur le climat \u2013 COP23 (2017)<br \/>\nConf\u00e9rence du DAAD: le leadership des femmes et la formation universitaire (2017)<br \/>\nConf\u00e9rence du DAAD: renforcer le r\u00f4le des universit\u00e9s dans les pays en voie de d\u00e9veloppement (2017)<br \/>\nJourn\u00e9es europ\u00e9ennes du d\u00e9veloppement (2017; 2016; 2015; 2012; 2011; 2010; 2008)<br \/>\nPr\u00e9sidence allemande du G20 (2017), y inclus Conf\u00e9rence sur le partenariat africain des pays du G20; R\u00e9union des ministres des affaires \u00e9trang\u00e8res du G20; R\u00e9union des ministres de la sant\u00e9 du G20; Sommet du G20<br \/>\nSalon international de l'a\u00e9ronautique et de l'espace \u00e0 Paris, Le Bourget (2017; 2015; 2013; 2011; 2009)<br \/>\nConf\u00e9rence annuelle de l'OSCE (2016)<br \/>\nRencontre informelle des ministres des affaires \u00e9trang\u00e8res de l'OSCE (2016)<br \/>\nAssembl\u00e9e annuelle de la Banque asiatique du d\u00e9veloppement (Asian Development Bank) (2016)<br \/>\nG7 (2015)<br \/>\nConf\u00e9rence internationale des ministres et hauts fonctionnaires responsables de l\u2019\u00e9ducation physique et du sport \u2013 MINEPS (2013)<br \/>\nConf\u00e9rence sur l'Afghanistan (2013)<br \/>\n50\u00e8me anniversaire de la cr\u00e9ation de l'OCDE (2011)<br \/>\nR\u00e9union des ministres des finances et des directeurs de banques centrales du G20 (2011)<br \/>\nR\u00e9union des ministres des affaires \u00e9trang\u00e8res de l'OTAN (2011)<br \/>\nSommet de l'OTAN (2010; 2009)<br \/>\nSommet de l'ASEM (2010)<br \/>\nConf\u00e9rence mondiale de l'UNESCO sur l'\u00e9ducation pour le d\u00e9veloppement durable (2009)<br \/>\nG8 (2008)<br \/>\nRencontre des ministres des affaires \u00e9trang\u00e8res ASEM (2007)<\/p>\n\n\t\t<\/div>\n\t<\/div>\n<div class=\"vc_empty_space\"  style=\"height: 40px\" ><span class=\"vc_empty_space_inner\"><\/span><\/div>\n\n\t<div class=\"wpb_text_column wpb_content_element  vc_custom_1617788456563\">\n\t\t<div class=\"wpb_wrapper\">\n\t\t\t<h3><span style=\"color: #000000;\">\u00c9V\u00c9NEMENTS VIRTUELS ET HYBRIDES<\/span><\/h3>\n\n\t\t<\/div>\n\t<\/div>\n<div class=\"vc_empty_space\"  style=\"height: 20px\" ><span class=\"vc_empty_space_inner\"><\/span><\/div>\n\n\t<div class=\"wpb_text_column wpb_content_element  vc_custom_1617809165999\">\n\t\t<div class=\"wpb_wrapper\">\n\t\t\t<p style=\"text-align: left;\">Fondation Alexander von Humboldt: Bourse de la chanceli\u00e8re allemande (2021 ; 2020)<br \/>\nFondation Alexander von Humboldt: voyage d'\u00e9tude virtuel pour les boursiers de recherche (2021)<br \/>\nConf\u00e9rence virtuelle du DAAD: Collaboration universitaire germano-mexicaine visant \u00e0 promouvoir les \u00e9changes acad\u00e9miques entre les m\u00e9decins l\u00e9gistes du Mexique et de l'Allemagne \u2013 CoCiMex (2021)<br \/>\nR\u00e9union de s\u00e9lection virtuelle du DAAD: Leadership pour l'Afrique (2021)<br \/>\n\u00c9v\u00e9nement de lancement virtuel du DAAD pour les nouveaux projets des programmes de partenariat du DAAD (2021)<br \/>\nMinist\u00e8re f\u00e9d\u00e9ral allemand de l\u2019Alimentation et de l\u2019Agriculture (BMEL): Forum mondial pour l'alimentation et l'agriculture - premi\u00e8re conf\u00e9rence virtuelle des ministres de l'agriculture de Berlin (2021)<br \/>\nMinist\u00e8re f\u00e9d\u00e9ral allemand pour la Coop\u00e9ration \u00e9conomique et le d\u00e9veloppement (BMZ): consultations gouvernementales virtuelles et hybrides (2021; 2020)<br \/>\nPr\u00e9sidence tournante du Conseil de l'Union europ\u00e9enne (Portugal 2021)<br \/>\nPr\u00e9sidence tournante du Conseil de l'Union europ\u00e9enne (Allemagne 2020):<br \/>\n\u2013 Minist\u00e8re allemand des Affaires \u00e9trang\u00e8res (AA)<br \/>\n\u2013 Minist\u00e8re f\u00e9d\u00e9ral allemand de la formation et de la recherche (BMBF)<br \/>\n\u2013 Minist\u00e8re f\u00e9d\u00e9ral allemand de la Famille, des Personnes \u00e2g\u00e9es, de la Femme et de la Jeunesse (BMFSFJ)<br \/>\n\u2013 Minist\u00e8re f\u00e9d\u00e9ral allemand de la sant\u00e9 (BMG)<br \/>\n\u2013 Minist\u00e8re f\u00e9d\u00e9ral allemand de l\u2019\u00c9conomie et de l'\u00c9nergie (BMWi)<br \/>\n\u2013 Deutsche Gesellschaft f\u00fcr Internationale Zusammenarbeit (GIZ)<\/p>\n\n\t\t<\/div>\n\t<\/div>\n<\/div><\/div><\/div><\/div><div class=\"vc_row-full-width vc_clearfix\"><\/div><div data-vc-full-width=\"true\" data-vc-full-width-init=\"false\" data-vc-stretch-content=\"true\" data-vc-parallax=\"1\" class=\"vc_row wpb_row vc_row-fluid vc_row-has-fill vc_row-no-padding vc_row-o-content-bottom vc_row-flex vc_general vc_parallax vc_parallax-content-moving\"><div class=\"wpb_column vc_column_container vc_col-sm-12\"><div class=\"vc_column-inner\"><div class=\"wpb_wrapper\">\n\t<div class=\"wpb_single_image wpb_content_element vc_align_center  vc_custom_1521942897900\">\n\t\t\n\t\t<figure class=\"wpb_wrapper vc_figure\">\n\t\t\t<div class=\"vc_single_image-wrapper   vc_box_border_grey\"><img loading=\"lazy\" decoding=\"async\" width=\"1800\" height=\"140\" src=\"https:\/\/michel-irs.com\/wp-content\/uploads\/2018\/03\/lines-3.jpg\" class=\"vc_single_image-img attachment-full\" alt=\"\" srcset=\"https:\/\/michel-irs.com\/wp-content\/uploads\/2018\/03\/lines-3.jpg 1800w, https:\/\/michel-irs.com\/wp-content\/uploads\/2018\/03\/lines-3-300x23.jpg 300w, https:\/\/michel-irs.com\/wp-content\/uploads\/2018\/03\/lines-3-768x60.jpg 768w, https:\/\/michel-irs.com\/wp-content\/uploads\/2018\/03\/lines-3-1024x80.jpg 1024w, https:\/\/michel-irs.com\/wp-content\/uploads\/2018\/03\/lines-3-500x39.jpg 500w\" sizes=\"(max-width: 1800px) 100vw, 1800px\" \/><\/div>\n\t\t<\/figure>\n\t<\/div>\n<\/div><\/div><\/div><\/div><div class=\"vc_row-full-width vc_clearfix\"><\/div><div data-vc-full-width=\"true\" data-vc-full-width-init=\"false\" data-vc-stretch-content=\"true\" class=\"vc_row wpb_row vc_row-fluid vc_custom_1522021880975 vc_row-has-fill vc_column-gap-30 vc_row-no-padding\"><div class=\"wpb_column vc_column_container vc_col-sm-8\"><div class=\"vc_column-inner\"><div class=\"wpb_wrapper\">\n\t<div class=\"wpb_text_column wpb_content_element  vc_custom_1525955838608\">\n\t\t<div class=\"wpb_wrapper\">\n\t\t\t<h4 style=\"text-align: center;\"><span style=\"color: #ffffff;\">VEUILLEZ NOUS CONTACTER POUR TOUTE INFORMATION SUPPL\u00c9MENTAIRE OU DEMANDE<\/span><\/h4>\n\n\t\t<\/div>\n\t<\/div>\n<\/div><\/div><\/div><div class=\"wpb_column vc_column_container vc_col-sm-4\"><div class=\"vc_column-inner\"><div class=\"wpb_wrapper\"><div class=\"vc_btn3-container vc_btn3-center\"><a onmouseleave=\"this.style.borderColor='#f7f7f7'; this.style.backgroundColor='transparent'; this.style.color='#f7f7f7'\" onmouseenter=\"this.style.borderColor='#000000'; this.style.backgroundColor='#000000'; this.style.color='#ffffff';\" style=\"border-color:#f7f7f7; color:#f7f7f7;\" class=\"vc_general vc_btn3 vc_btn3-size-lg vc_btn3-shape-round vc_btn3-style-outline-custom vc_btn3-icon-right\" href=\"https:\/\/michel-irs.com\/en\/contact\/\" title=\"\">CONTACTEZ-NOUS <i class=\"vc_btn3-icon fa fa-angle-right\"><\/i><\/a><\/div>\n<\/div><\/div><\/div><\/div><div class=\"vc_row-full-width vc_clearfix\"><\/div>","protected":false},"excerpt":{"rendered":"REFERENCES REFERENCES PUBLIC CLIENTS, INTERNATIONAL ORGANISATIONS and NGOs African Climate Finance Hub (ACFH) Alexander von Humboldt Foundation (AvH) Arab-German Young Academy (AGYA) Asian Development Bank (ADB) Association of German Science...","protected":false},"author":1,"featured_media":0,"parent":0,"menu_order":0,"comment_status":"closed","ping_status":"closed","template":"","meta":{"footnotes":""},"class_list":["post-12","page","type-page","status-publish","hentry"],"jetpack_sharing_enabled":true,"_links":{"self":[{"href":"https:\/\/michel-irs.com\/fr\/wp-json\/wp\/v2\/pages\/12"}],"collection":[{"href":"https:\/\/michel-irs.com\/fr\/wp-json\/wp\/v2\/pages"}],"about":[{"href":"https:\/\/michel-irs.com\/fr\/wp-json\/wp\/v2\/types\/page"}],"author":[{"embeddable":true,"href":"https:\/\/michel-irs.com\/fr\/wp-json\/wp\/v2\/users\/1"}],"replies":[{"embeddable":true,"href":"https:\/\/michel-irs.com\/fr\/wp-json\/wp\/v2\/comments?post=12"}],"version-history":[{"count":43,"href":"https:\/\/michel-irs.com\/fr\/wp-json\/wp\/v2\/pages\/12\/revisions"}],"predecessor-version":[{"id":1236,"href":"https:\/\/michel-irs.com\/fr\/wp-json\/wp\/v2\/pages\/12\/revisions\/1236"}],"wp:attachment":[{"href":"https:\/\/michel-irs.com\/fr\/wp-json\/wp\/v2\/media?parent=12"}],"curies":[{"name":"wp","href":"https:\/\/api.w.org\/{rel}","templated":true}]}}